{"id":90,"date":"2024-12-13T11:20:07","date_gmt":"2024-12-13T09:20:07","guid":{"rendered":"https:\/\/hautaustoimisto.creativegorilla.zoner.dev\/?page_id=90"},"modified":"2024-12-28T12:34:51","modified_gmt":"2024-12-28T10:34:51","slug":"hautakivet","status":"publish","type":"page","link":"https:\/\/hautaustoimisto.creativegorilla.zoner.dev\/?page_id=90","title":{"rendered":"Hautakivet"},"content":{"rendered":"\t\t<div data-elementor-type=\"wp-page\" data-elementor-id=\"90\" class=\"elementor elementor-90\" data-elementor-post-type=\"page\">\n\t\t\t\t<div class=\"elementor-element elementor-element-1ed3db32 e-con-full e-flex e-con e-parent\" data-id=\"1ed3db32\" data-element_type=\"container\" data-e-type=\"container\">\n\t\t<div class=\"elementor-element elementor-element-48ba2442 e-con-full e-flex e-con e-child\" data-id=\"48ba2442\" data-element_type=\"container\" data-e-type=\"container\" data-settings=\"{&quot;background_background&quot;:&quot;classic&quot;}\">\n\t\t\t\t<div class=\"elementor-element elementor-element-36e4fd1c elementor-widget elementor-widget-heading\" data-id=\"36e4fd1c\" data-element_type=\"widget\" data-e-type=\"widget\" data-widget_type=\"heading.default\">\n\t\t\t\t<div class=\"elementor-widget-container\">\n\t\t\t\t\t<h5 class=\"elementor-heading-title elementor-size-default\">palvelumme<\/h5>\t\t\t\t<\/div>\n\t\t\t\t<\/div>\n\t\t\t\t<div class=\"elementor-element elementor-element-2e9c16f2 elementor-widget elementor-widget-heading\" data-id=\"2e9c16f2\" data-element_type=\"widget\" data-e-type=\"widget\" data-widget_type=\"heading.default\">\n\t\t\t\t<div class=\"elementor-widget-container\">\n\t\t\t\t\t<h1 class=\"elementor-heading-title elementor-size-default\">Hautakivet<\/h1>\t\t\t\t<\/div>\n\t\t\t\t<\/div>\n\t\t\t\t<div class=\"elementor-element elementor-element-2389fe8d elementor-widget elementor-widget-text-editor\" data-id=\"2389fe8d\" data-element_type=\"widget\" data-e-type=\"widget\" data-widget_type=\"text-editor.default\">\n\t\t\t\t<div class=\"elementor-widget-container\">\n\t\t\t\t\t\t\t\t\t<p>Hautaustoimistomme kautta saat kauniit hautakivet ja muistomerkit suunnittelusta toteutukseen.<\/p>\t\t\t\t\t\t\t\t<\/div>\n\t\t\t\t<\/div>\n\t\t\t\t<\/div>\n\t\t<div class=\"elementor-element elementor-element-10a1db27 e-con-full e-flex e-con e-child\" data-id=\"10a1db27\" data-element_type=\"container\" data-e-type=\"container\" data-settings=\"{&quot;background_background&quot;:&quot;classic&quot;}\">\n\t\t\t\t<\/div>\n\t\t\t\t<\/div>\n\t\t<div class=\"elementor-element elementor-element-3de04ab6 e-flex e-con-boxed e-con e-parent\" data-id=\"3de04ab6\" data-element_type=\"container\" data-e-type=\"container\">\n\t\t\t\t\t<div class=\"e-con-inner\">\n\t\t<div class=\"elementor-element elementor-element-3363e219 e-con-full e-flex e-con e-child\" data-id=\"3363e219\" data-element_type=\"container\" data-e-type=\"container\" data-settings=\"{&quot;background_background&quot;:&quot;classic&quot;}\">\n\t\t\t\t<div class=\"elementor-element elementor-element-3de73f14 elementor-widget elementor-widget-heading\" data-id=\"3de73f14\" data-element_type=\"widget\" data-e-type=\"widget\" data-widget_type=\"heading.default\">\n\t\t\t\t<div class=\"elementor-widget-container\">\n\t\t\t\t\t<h2 class=\"elementor-heading-title elementor-size-default\">Hauta-muistomerkit<\/h2>\t\t\t\t<\/div>\n\t\t\t\t<\/div>\n\t\t\t\t<\/div>\n\t\t<div class=\"elementor-element elementor-element-d1c6f64 e-con-full e-flex e-con e-child\" data-id=\"d1c6f64\" data-element_type=\"container\" data-e-type=\"container\">\n\t\t\t\t<div class=\"elementor-element elementor-element-3c06ae76 elementor-widget elementor-widget-text-editor\" data-id=\"3c06ae76\" data-element_type=\"widget\" data-e-type=\"widget\" data-widget_type=\"text-editor.default\">\n\t\t\t\t<div class=\"elementor-widget-container\">\n\t\t\t\t\t\t\t\t\t<div class=\"et_pb_with_border et_pb_module et_pb_text et_pb_text_4 et_pb_text_align_left et_pb_bg_layout_light\"><div class=\"et_pb_text_inner\"><p>Hautamuistomerkkin\u00e4 voi olla esimerkiksi hautakivi, risti tai veistos. Hautamuistomerkin hankinnalle ei ole aikarajaa. Sen voi my\u00f6s j\u00e4tt\u00e4\u00e4 hankkimatta. Monissa seurakunnissa hautapaikalle toimitetaan t\u00e4ll\u00f6in seurakunnan pystytt\u00e4m\u00e4 merkki, esimerkiksi valkoinen puuristi tai musta metalliristi.<\/p><\/div><\/div>\t\t\t\t\t\t\t\t<\/div>\n\t\t\t\t<\/div>\n\t\t\t\t<div class=\"elementor-element elementor-element-56e03576 elementor-widget elementor-widget-text-editor\" data-id=\"56e03576\" data-element_type=\"widget\" data-e-type=\"widget\" data-widget_type=\"text-editor.default\">\n\t\t\t\t<div class=\"elementor-widget-container\">\n\t\t\t\t\t\t\t\t\t<div class=\"et_pb_with_border et_pb_module et_pb_text et_pb_text_4 et_pb_text_align_left et_pb_bg_layout_light\"><div class=\"et_pb_text_inner\"><p>Sukuhaudalla oleva hautakivi tulee siirt\u00e4\u00e4 pois ennen haudan kaivamista. T\u00e4ss\u00e4 yhteydess\u00e4 kannattaa samalla tilata uuden nimen kaiverrus kiveen, ennen kuin kivi asennetaan takaisin hautauksen j\u00e4lkeen.<\/p><p>Uuden hautakiven valinta on monelle ainutkertainen tapahtuma. Kivilajin valinnassa, kiven muotoilussa, tekstien asettelussa sek\u00e4 koristeiden valinnassa on paljon eri vaihtoehtoja ja mahdollisuuksia.<\/p><p>Saat kauttamme kauniit hautakivet ja hautamuistomerkit suunnittelusta toteutukseen. Hoidamme kaikki hautakiviin liittyv\u00e4t ty\u00f6t yhteisty\u00f6ss\u00e4 ammattitaitoisten kiviliikkeiden kanssa.<\/p><p>\u00a0<\/p><ul><li>\u00a0Hautakiven irroitus, puhdistus, asennus- ja oikaisuty\u00f6t<\/li><li>Uuden tekstin kaiverrukset sek\u00e4 vanhan tekstin uudistaminen<\/li><li>Uusien hautamuistomerkkien suunnittelu ja myynti<\/li><li>Vanhojen muistomerkkien huolto ja uusiminen<\/li><li>Lis\u00e4koristeet<\/li><\/ul><\/div><\/div>\t\t\t\t\t\t\t\t<\/div>\n\t\t\t\t<\/div>\n\t\t\t\t<\/div>\n\t\t\t\t\t<\/div>\n\t\t\t\t<\/div>\n\t\t<div class=\"elementor-element elementor-element-f5d23f e-flex e-con-boxed e-con e-parent\" data-id=\"f5d23f\" data-element_type=\"container\" data-e-type=\"container\">\n\t\t\t\t\t<div class=\"e-con-inner\">\n\t\t<div class=\"elementor-element elementor-element-1bc58566 e-con-full e-flex e-con e-child\" data-id=\"1bc58566\" data-element_type=\"container\" data-e-type=\"container\">\n\t\t\t\t<div class=\"elementor-element elementor-element-513f3c45 elementor-widget elementor-widget-image\" data-id=\"513f3c45\" data-element_type=\"widget\" data-e-type=\"widget\" data-widget_type=\"image.default\">\n\t\t\t\t<div class=\"elementor-widget-container\">\n\t\t\t\t\t\t\t\t\t\t\t\t\t\t\t<img fetchpriority=\"high\" decoding=\"async\" width=\"714\" height=\"715\" src=\"https:\/\/hautaustoimisto.creativegorilla.zoner.dev\/wp-content\/uploads\/2024\/12\/muistilista_omaisille.jpg\" class=\"attachment-large size-large wp-image-73\" alt=\"\" srcset=\"https:\/\/hautaustoimisto.creativegorilla.zoner.dev\/wp-content\/uploads\/2024\/12\/muistilista_omaisille.jpg 714w, https:\/\/hautaustoimisto.creativegorilla.zoner.dev\/wp-content\/uploads\/2024\/12\/muistilista_omaisille-300x300.jpg 300w, https:\/\/hautaustoimisto.creativegorilla.zoner.dev\/wp-content\/uploads\/2024\/12\/muistilista_omaisille-150x150.jpg 150w\" sizes=\"(max-width: 714px) 100vw, 714px\" \/>\t\t\t\t\t\t\t\t\t\t\t\t\t\t\t<\/div>\n\t\t\t\t<\/div>\n\t\t\t\t<div class=\"elementor-element elementor-element-2a73d3d9 elementor-widget elementor-widget-heading\" data-id=\"2a73d3d9\" data-element_type=\"widget\" data-e-type=\"widget\" data-widget_type=\"heading.default\">\n\t\t\t\t<div class=\"elementor-widget-container\">\n\t\t\t\t\t<h3 class=\"elementor-heading-title elementor-size-default\">Muistilista omaisille<\/h3>\t\t\t\t<\/div>\n\t\t\t\t<\/div>\n\t\t\t\t<div class=\"elementor-element elementor-element-6d38fbd3 elementor-widget elementor-widget-text-editor\" data-id=\"6d38fbd3\" data-element_type=\"widget\" data-e-type=\"widget\" data-widget_type=\"text-editor.default\">\n\t\t\t\t<div class=\"elementor-widget-container\">\n\t\t\t\t\t\t\t\t\t<p>Olemme koonneet t\u00e4h\u00e4n <br \/>muistilistan, jota on <br \/>helppo seurata ja hy\u00f6dynt\u00e4\u00e4 <br \/>vaikeinakin aikoina.\u00a0<\/p>\t\t\t\t\t\t\t\t<\/div>\n\t\t\t\t<\/div>\n\t\t\t\t<div class=\"elementor-element elementor-element-687d6fe9 elementor-widget elementor-widget-button\" data-id=\"687d6fe9\" data-element_type=\"widget\" data-e-type=\"widget\" data-widget_type=\"button.default\">\n\t\t\t\t<div class=\"elementor-widget-container\">\n\t\t\t\t\t\t\t\t\t<div class=\"elementor-button-wrapper\">\n\t\t\t\t\t<a class=\"elementor-button elementor-button-link elementor-size-sm\" href=\"https:\/\/hautaustoimisto.creativegorilla.zoner.dev\/wp-content\/uploads\/2024\/12\/MUISTILISTA-OMAISILLE.pdf\">\n\t\t\t\t\t\t<span class=\"elementor-button-content-wrapper\">\n\t\t\t\t\t\t\t\t\t<span class=\"elementor-button-text\">Lataa t\u00e4st\u00e4 &gt;<\/span>\n\t\t\t\t\t<\/span>\n\t\t\t\t\t<\/a>\n\t\t\t\t<\/div>\n\t\t\t\t\t\t\t\t<\/div>\n\t\t\t\t<\/div>\n\t\t\t\t<\/div>\n\t\t<div class=\"elementor-element elementor-element-6ef87d7d e-con-full e-flex e-con e-child\" data-id=\"6ef87d7d\" data-element_type=\"container\" data-e-type=\"container\">\n\t\t\t\t<div class=\"elementor-element elementor-element-763927e1 elementor-widget elementor-widget-image\" data-id=\"763927e1\" data-element_type=\"widget\" data-e-type=\"widget\" data-widget_type=\"image.default\">\n\t\t\t\t<div class=\"elementor-widget-container\">\n\t\t\t\t\t\t\t\t\t\t\t\t\t\t\t<img decoding=\"async\" width=\"800\" height=\"796\" src=\"https:\/\/hautaustoimisto.creativegorilla.zoner.dev\/wp-content\/uploads\/2024\/12\/hautaustoimistolahti-muistomerkit-1024x1019.png\" class=\"attachment-large size-large wp-image-69\" alt=\"\" srcset=\"https:\/\/hautaustoimisto.creativegorilla.zoner.dev\/wp-content\/uploads\/2024\/12\/hautaustoimistolahti-muistomerkit-1024x1019.png 1024w, https:\/\/hautaustoimisto.creativegorilla.zoner.dev\/wp-content\/uploads\/2024\/12\/hautaustoimistolahti-muistomerkit-300x300.png 300w, https:\/\/hautaustoimisto.creativegorilla.zoner.dev\/wp-content\/uploads\/2024\/12\/hautaustoimistolahti-muistomerkit-150x150.png 150w, https:\/\/hautaustoimisto.creativegorilla.zoner.dev\/wp-content\/uploads\/2024\/12\/hautaustoimistolahti-muistomerkit-768x765.png 768w, https:\/\/hautaustoimisto.creativegorilla.zoner.dev\/wp-content\/uploads\/2024\/12\/hautaustoimistolahti-muistomerkit.png 1330w\" sizes=\"(max-width: 800px) 100vw, 800px\" \/>\t\t\t\t\t\t\t\t\t\t\t\t\t\t\t<\/div>\n\t\t\t\t<\/div>\n\t\t\t\t<div class=\"elementor-element elementor-element-521f7c7f elementor-widget elementor-widget-heading\" data-id=\"521f7c7f\" data-element_type=\"widget\" data-e-type=\"widget\" data-widget_type=\"heading.default\">\n\t\t\t\t<div class=\"elementor-widget-container\">\n\t\t\t\t\t<h3 class=\"elementor-heading-title elementor-size-default\">Hautakiviesite<\/h3>\t\t\t\t<\/div>\n\t\t\t\t<\/div>\n\t\t\t\t<div class=\"elementor-element elementor-element-1f70a42e elementor-widget elementor-widget-text-editor\" data-id=\"1f70a42e\" data-element_type=\"widget\" data-e-type=\"widget\" data-widget_type=\"text-editor.default\">\n\t\t\t\t<div class=\"elementor-widget-container\">\n\t\t\t\t\t\t\t\t\t<p>Tervetuloa tutustumaan laajaan <br \/>hautakivi-mallistoomme, josta <br \/>l\u00f6yd\u00e4t niin perinteisi\u00e4 kuin <br \/>moderneja muistomerkkimalleja.<\/p>\t\t\t\t\t\t\t\t<\/div>\n\t\t\t\t<\/div>\n\t\t\t\t<div class=\"elementor-element elementor-element-24b96867 elementor-widget elementor-widget-button\" data-id=\"24b96867\" data-element_type=\"widget\" data-e-type=\"widget\" data-widget_type=\"button.default\">\n\t\t\t\t<div class=\"elementor-widget-container\">\n\t\t\t\t\t\t\t\t\t<div class=\"elementor-button-wrapper\">\n\t\t\t\t\t<a class=\"elementor-button elementor-button-link elementor-size-sm\" href=\"https:\/\/hautaustoimisto.creativegorilla.zoner.dev\/wp-content\/uploads\/2024\/12\/Kivilahde-kuvasto.pdf\">\n\t\t\t\t\t\t<span class=\"elementor-button-content-wrapper\">\n\t\t\t\t\t\t\t\t\t<span class=\"elementor-button-text\">Lataa t\u00e4st\u00e4 &gt;<\/span>\n\t\t\t\t\t<\/span>\n\t\t\t\t\t<\/a>\n\t\t\t\t<\/div>\n\t\t\t\t\t\t\t\t<\/div>\n\t\t\t\t<\/div>\n\t\t\t\t<\/div>\n\t\t<div class=\"elementor-element elementor-element-37026511 e-con-full e-flex e-con e-child\" data-id=\"37026511\" data-element_type=\"container\" data-e-type=\"container\">\n\t\t\t\t<div class=\"elementor-element elementor-element-4e18ced3 elementor-widget elementor-widget-image\" data-id=\"4e18ced3\" data-element_type=\"widget\" data-e-type=\"widget\" data-widget_type=\"image.default\">\n\t\t\t\t<div class=\"elementor-widget-container\">\n\t\t\t\t\t\t\t\t\t\t\t\t\t\t\t<img decoding=\"async\" width=\"714\" height=\"715\" src=\"https:\/\/hautaustoimisto.creativegorilla.zoner.dev\/wp-content\/uploads\/2024\/12\/Ekoarkut.jpg\" class=\"attachment-large size-large wp-image-64\" alt=\"\" srcset=\"https:\/\/hautaustoimisto.creativegorilla.zoner.dev\/wp-content\/uploads\/2024\/12\/Ekoarkut.jpg 714w, https:\/\/hautaustoimisto.creativegorilla.zoner.dev\/wp-content\/uploads\/2024\/12\/Ekoarkut-300x300.jpg 300w, https:\/\/hautaustoimisto.creativegorilla.zoner.dev\/wp-content\/uploads\/2024\/12\/Ekoarkut-150x150.jpg 150w\" sizes=\"(max-width: 714px) 100vw, 714px\" \/>\t\t\t\t\t\t\t\t\t\t\t\t\t\t\t<\/div>\n\t\t\t\t<\/div>\n\t\t\t\t<div class=\"elementor-element elementor-element-682a2d85 elementor-widget elementor-widget-heading\" data-id=\"682a2d85\" data-element_type=\"widget\" data-e-type=\"widget\" data-widget_type=\"heading.default\">\n\t\t\t\t<div class=\"elementor-widget-container\">\n\t\t\t\t\t<h3 class=\"elementor-heading-title elementor-size-default\">Arkut ja uurnat<\/h3>\t\t\t\t<\/div>\n\t\t\t\t<\/div>\n\t\t\t\t<div class=\"elementor-element elementor-element-6b8a7658 elementor-widget elementor-widget-text-editor\" data-id=\"6b8a7658\" data-element_type=\"widget\" data-e-type=\"widget\" data-widget_type=\"text-editor.default\">\n\t\t\t\t<div class=\"elementor-widget-container\">\n\t\t\t\t\t\t\t\t\t<p>Arkuissa ja uurnissa yhdistyv\u00e4t <br \/>laadukkaat materiaalit, <br \/>vuosikymmenten kokemus<br \/>sek\u00e4 suomalainen k\u00e4sity\u00f6.<\/p>\t\t\t\t\t\t\t\t<\/div>\n\t\t\t\t<\/div>\n\t\t\t\t<div class=\"elementor-element elementor-element-691b480 elementor-widget elementor-widget-button\" data-id=\"691b480\" data-element_type=\"widget\" data-e-type=\"widget\" data-widget_type=\"button.default\">\n\t\t\t\t<div class=\"elementor-widget-container\">\n\t\t\t\t\t\t\t\t\t<div class=\"elementor-button-wrapper\">\n\t\t\t\t\t<a class=\"elementor-button elementor-button-link elementor-size-sm\" href=\"https:\/\/hautaustoimisto.creativegorilla.zoner.dev\/wp-content\/uploads\/2024\/12\/Arkut_ja_uurnat_kuvasto_2022.pdf\">\n\t\t\t\t\t\t<span class=\"elementor-button-content-wrapper\">\n\t\t\t\t\t\t\t\t\t<span class=\"elementor-button-text\">Lataa t\u00e4st\u00e4 &gt;<\/span>\n\t\t\t\t\t<\/span>\n\t\t\t\t\t<\/a>\n\t\t\t\t<\/div>\n\t\t\t\t\t\t\t\t<\/div>\n\t\t\t\t<\/div>\n\t\t\t\t<\/div>\n\t\t\t\t\t<\/div>\n\t\t\t\t<\/div>\n\t\t<div class=\"elementor-element elementor-element-2a14c923 e-flex e-con-boxed e-con e-parent\" data-id=\"2a14c923\" data-element_type=\"container\" data-e-type=\"container\">\n\t\t\t\t\t<div class=\"e-con-inner\">\n\t\t\t\t<div class=\"elementor-element elementor-element-24da571f elementor-widget elementor-widget-image\" data-id=\"24da571f\" data-element_type=\"widget\" data-e-type=\"widget\" data-widget_type=\"image.default\">\n\t\t\t\t<div class=\"elementor-widget-container\">\n\t\t\t\t\t\t\t\t\t\t\t\t\t\t\t<img loading=\"lazy\" decoding=\"async\" width=\"800\" height=\"348\" src=\"https:\/\/hautaustoimisto.creativegorilla.zoner.dev\/wp-content\/uploads\/2024\/12\/hautaustoimistolahti-hautakivet-1024x446.jpg\" class=\"attachment-large size-large wp-image-272\" alt=\"\" srcset=\"https:\/\/hautaustoimisto.creativegorilla.zoner.dev\/wp-content\/uploads\/2024\/12\/hautaustoimistolahti-hautakivet-1024x446.jpg 1024w, https:\/\/hautaustoimisto.creativegorilla.zoner.dev\/wp-content\/uploads\/2024\/12\/hautaustoimistolahti-hautakivet-300x131.jpg 300w, https:\/\/hautaustoimisto.creativegorilla.zoner.dev\/wp-content\/uploads\/2024\/12\/hautaustoimistolahti-hautakivet-768x335.jpg 768w, https:\/\/hautaustoimisto.creativegorilla.zoner.dev\/wp-content\/uploads\/2024\/12\/hautaustoimistolahti-hautakivet-1536x670.jpg 1536w, https:\/\/hautaustoimisto.creativegorilla.zoner.dev\/wp-content\/uploads\/2024\/12\/hautaustoimistolahti-hautakivet-2048x893.jpg 2048w\" sizes=\"(max-width: 800px) 100vw, 800px\" \/>\t\t\t\t\t\t\t\t\t\t\t\t\t\t\t<\/div>\n\t\t\t\t<\/div>\n\t\t\t\t\t<\/div>\n\t\t\t\t<\/div>\n\t\t\t\t<\/div>\n\t\t","protected":false},"excerpt":{"rendered":"<p>palvelumme Hautakivet Hautaustoimistomme kautta saat kauniit hautakivet ja muistomerkit suunnittelusta toteutukseen. Hauta-muistomerkit Hautamuistomerkkin\u00e4 voi olla esimerkiksi hautakivi, risti tai veistos. Hautamuistomerkin hankinnalle ei ole aikarajaa. Sen voi my\u00f6s j\u00e4tt\u00e4\u00e4 hankkimatta. Monissa seurakunnissa hautapaikalle toimitetaan t\u00e4ll\u00f6in seurakunnan pystytt\u00e4m\u00e4 merkki, esimerkiksi valkoinen puuristi tai musta metalliristi. Sukuhaudalla oleva hautakivi tulee siirt\u00e4\u00e4 pois ennen haudan kaivamista. T\u00e4ss\u00e4 yhteydess\u00e4 [&hellip;]<\/p>\n","protected":false},"author":1,"featured_media":0,"parent":0,"menu_order":0,"comment_status":"closed","ping_status":"closed","template":"","meta":{"footnotes":""},"class_list":["post-90","page","type-page","status-publish","hentry"],"yoast_head":"<!-- This site is optimized with the Yoast SEO plugin v26.8 - https:\/\/yoast.com\/product\/yoast-seo-wordpress\/ -->\n<title>Hautakivet - Torin Wanha Hautaustoimisto Oy<\/title>\n<meta name=\"description\" content=\"Tarjoamme laadukkaita ja kest\u00e4v\u00e4t hautakivet, jotka kunnioittavat rakkaasi muistoa. hautakivimalleja eri tyyleihin ja tarpeisiin.\" \/>\n<meta name=\"robots\" content=\"noindex, follow, max-snippet:-1, max-image-preview:large, max-video-preview:-1\" \/>\n<meta property=\"og:locale\" content=\"fi_FI\" \/>\n<meta property=\"og:type\" content=\"article\" \/>\n<meta property=\"og:title\" content=\"Hautakivet - Torin Wanha Hautaustoimisto Oy\" \/>\n<meta property=\"og:description\" content=\"Tarjoamme laadukkaita ja kest\u00e4v\u00e4t hautakivet, jotka kunnioittavat rakkaasi muistoa. hautakivimalleja eri tyyleihin ja tarpeisiin.\" \/>\n<meta property=\"og:url\" content=\"https:\/\/hautaustoimisto.creativegorilla.zoner.dev\/?page_id=90\" \/>\n<meta property=\"og:site_name\" content=\"Torin Wanha Hautaustoimisto Oy\" \/>\n<meta property=\"article:modified_time\" content=\"2024-12-28T10:34:51+00:00\" \/>\n<meta property=\"og:image\" content=\"https:\/\/hautaustoimisto.creativegorilla.zoner.dev\/wp-content\/uploads\/2024\/12\/muistilista_omaisille.jpg\" \/>\n<meta name=\"twitter:card\" content=\"summary_large_image\" \/>\n<meta name=\"twitter:label1\" content=\"Arvioitu lukuaika\" \/>\n\t<meta name=\"twitter:data1\" content=\"2 minuuttia\" \/>\n<script type=\"application\/ld+json\" class=\"yoast-schema-graph\">{\"@context\":\"https:\/\/schema.org\",\"@graph\":[{\"@type\":\"WebPage\",\"@id\":\"https:\/\/hautaustoimisto.creativegorilla.zoner.dev\/?page_id=90\",\"url\":\"https:\/\/hautaustoimisto.creativegorilla.zoner.dev\/?page_id=90\",\"name\":\"Hautakivet - Torin Wanha Hautaustoimisto Oy\",\"isPartOf\":{\"@id\":\"https:\/\/hautaustoimisto.creativegorilla.zoner.dev\/#website\"},\"primaryImageOfPage\":{\"@id\":\"https:\/\/hautaustoimisto.creativegorilla.zoner.dev\/?page_id=90#primaryimage\"},\"image\":{\"@id\":\"https:\/\/hautaustoimisto.creativegorilla.zoner.dev\/?page_id=90#primaryimage\"},\"thumbnailUrl\":\"https:\/\/hautaustoimisto.creativegorilla.zoner.dev\/wp-content\/uploads\/2024\/12\/muistilista_omaisille.jpg\",\"datePublished\":\"2024-12-13T09:20:07+00:00\",\"dateModified\":\"2024-12-28T10:34:51+00:00\",\"description\":\"Tarjoamme laadukkaita ja kest\u00e4v\u00e4t hautakivet, jotka kunnioittavat rakkaasi muistoa. hautakivimalleja eri tyyleihin ja tarpeisiin.\",\"breadcrumb\":{\"@id\":\"https:\/\/hautaustoimisto.creativegorilla.zoner.dev\/?page_id=90#breadcrumb\"},\"inLanguage\":\"fi\",\"potentialAction\":[{\"@type\":\"ReadAction\",\"target\":[\"https:\/\/hautaustoimisto.creativegorilla.zoner.dev\/?page_id=90\"]}]},{\"@type\":\"ImageObject\",\"inLanguage\":\"fi\",\"@id\":\"https:\/\/hautaustoimisto.creativegorilla.zoner.dev\/?page_id=90#primaryimage\",\"url\":\"https:\/\/hautaustoimisto.creativegorilla.zoner.dev\/wp-content\/uploads\/2024\/12\/muistilista_omaisille.jpg\",\"contentUrl\":\"https:\/\/hautaustoimisto.creativegorilla.zoner.dev\/wp-content\/uploads\/2024\/12\/muistilista_omaisille.jpg\",\"width\":714,\"height\":715},{\"@type\":\"BreadcrumbList\",\"@id\":\"https:\/\/hautaustoimisto.creativegorilla.zoner.dev\/?page_id=90#breadcrumb\",\"itemListElement\":[{\"@type\":\"ListItem\",\"position\":1,\"name\":\"Etusivu\",\"item\":\"https:\/\/hautaustoimisto.creativegorilla.zoner.dev\/\"},{\"@type\":\"ListItem\",\"position\":2,\"name\":\"Hautakivet\"}]},{\"@type\":\"WebSite\",\"@id\":\"https:\/\/hautaustoimisto.creativegorilla.zoner.dev\/#website\",\"url\":\"https:\/\/hautaustoimisto.creativegorilla.zoner.dev\/\",\"name\":\"Torin Wanha Hautaustoimisto Oy\",\"description\":\"T&auml;yden palvelun hautaustoimisto Lahdessa\",\"potentialAction\":[{\"@type\":\"SearchAction\",\"target\":{\"@type\":\"EntryPoint\",\"urlTemplate\":\"https:\/\/hautaustoimisto.creativegorilla.zoner.dev\/?s={search_term_string}\"},\"query-input\":{\"@type\":\"PropertyValueSpecification\",\"valueRequired\":true,\"valueName\":\"search_term_string\"}}],\"inLanguage\":\"fi\"}]}<\/script>\n<!-- \/ Yoast SEO plugin. -->","yoast_head_json":{"title":"Hautakivet - Torin Wanha Hautaustoimisto Oy","description":"Tarjoamme laadukkaita ja kest\u00e4v\u00e4t hautakivet, jotka kunnioittavat rakkaasi muistoa. hautakivimalleja eri tyyleihin ja tarpeisiin.","robots":{"index":"noindex","follow":"follow","max-snippet":"max-snippet:-1","max-image-preview":"max-image-preview:large","max-video-preview":"max-video-preview:-1"},"og_locale":"fi_FI","og_type":"article","og_title":"Hautakivet - Torin Wanha Hautaustoimisto Oy","og_description":"Tarjoamme laadukkaita ja kest\u00e4v\u00e4t hautakivet, jotka kunnioittavat rakkaasi muistoa. hautakivimalleja eri tyyleihin ja tarpeisiin.","og_url":"https:\/\/hautaustoimisto.creativegorilla.zoner.dev\/?page_id=90","og_site_name":"Torin Wanha Hautaustoimisto Oy","article_modified_time":"2024-12-28T10:34:51+00:00","og_image":[{"url":"https:\/\/hautaustoimisto.creativegorilla.zoner.dev\/wp-content\/uploads\/2024\/12\/muistilista_omaisille.jpg","type":"","width":"","height":""}],"twitter_card":"summary_large_image","twitter_misc":{"Arvioitu lukuaika":"2 minuuttia"},"schema":{"@context":"https:\/\/schema.org","@graph":[{"@type":"WebPage","@id":"https:\/\/hautaustoimisto.creativegorilla.zoner.dev\/?page_id=90","url":"https:\/\/hautaustoimisto.creativegorilla.zoner.dev\/?page_id=90","name":"Hautakivet - Torin Wanha Hautaustoimisto Oy","isPartOf":{"@id":"https:\/\/hautaustoimisto.creativegorilla.zoner.dev\/#website"},"primaryImageOfPage":{"@id":"https:\/\/hautaustoimisto.creativegorilla.zoner.dev\/?page_id=90#primaryimage"},"image":{"@id":"https:\/\/hautaustoimisto.creativegorilla.zoner.dev\/?page_id=90#primaryimage"},"thumbnailUrl":"https:\/\/hautaustoimisto.creativegorilla.zoner.dev\/wp-content\/uploads\/2024\/12\/muistilista_omaisille.jpg","datePublished":"2024-12-13T09:20:07+00:00","dateModified":"2024-12-28T10:34:51+00:00","description":"Tarjoamme laadukkaita ja kest\u00e4v\u00e4t hautakivet, jotka kunnioittavat rakkaasi muistoa. hautakivimalleja eri tyyleihin ja tarpeisiin.","breadcrumb":{"@id":"https:\/\/hautaustoimisto.creativegorilla.zoner.dev\/?page_id=90#breadcrumb"},"inLanguage":"fi","potentialAction":[{"@type":"ReadAction","target":["https:\/\/hautaustoimisto.creativegorilla.zoner.dev\/?page_id=90"]}]},{"@type":"ImageObject","inLanguage":"fi","@id":"https:\/\/hautaustoimisto.creativegorilla.zoner.dev\/?page_id=90#primaryimage","url":"https:\/\/hautaustoimisto.creativegorilla.zoner.dev\/wp-content\/uploads\/2024\/12\/muistilista_omaisille.jpg","contentUrl":"https:\/\/hautaustoimisto.creativegorilla.zoner.dev\/wp-content\/uploads\/2024\/12\/muistilista_omaisille.jpg","width":714,"height":715},{"@type":"BreadcrumbList","@id":"https:\/\/hautaustoimisto.creativegorilla.zoner.dev\/?page_id=90#breadcrumb","itemListElement":[{"@type":"ListItem","position":1,"name":"Etusivu","item":"https:\/\/hautaustoimisto.creativegorilla.zoner.dev\/"},{"@type":"ListItem","position":2,"name":"Hautakivet"}]},{"@type":"WebSite","@id":"https:\/\/hautaustoimisto.creativegorilla.zoner.dev\/#website","url":"https:\/\/hautaustoimisto.creativegorilla.zoner.dev\/","name":"Torin Wanha Hautaustoimisto Oy","description":"T&auml;yden palvelun hautaustoimisto Lahdessa","potentialAction":[{"@type":"SearchAction","target":{"@type":"EntryPoint","urlTemplate":"https:\/\/hautaustoimisto.creativegorilla.zoner.dev\/?s={search_term_string}"},"query-input":{"@type":"PropertyValueSpecification","valueRequired":true,"valueName":"search_term_string"}}],"inLanguage":"fi"}]}},"_links":{"self":[{"href":"https:\/\/hautaustoimisto.creativegorilla.zoner.dev\/index.php?rest_route=\/wp\/v2\/pages\/90","targetHints":{"allow":["GET"]}}],"collection":[{"href":"https:\/\/hautaustoimisto.creativegorilla.zoner.dev\/index.php?rest_route=\/wp\/v2\/pages"}],"about":[{"href":"https:\/\/hautaustoimisto.creativegorilla.zoner.dev\/index.php?rest_route=\/wp\/v2\/types\/page"}],"author":[{"embeddable":true,"href":"https:\/\/hautaustoimisto.creativegorilla.zoner.dev\/index.php?rest_route=\/wp\/v2\/users\/1"}],"replies":[{"embeddable":true,"href":"https:\/\/hautaustoimisto.creativegorilla.zoner.dev\/index.php?rest_route=%2Fwp%2Fv2%2Fcomments&post=90"}],"version-history":[{"count":4,"href":"https:\/\/hautaustoimisto.creativegorilla.zoner.dev\/index.php?rest_route=\/wp\/v2\/pages\/90\/revisions"}],"predecessor-version":[{"id":276,"href":"https:\/\/hautaustoimisto.creativegorilla.zoner.dev\/index.php?rest_route=\/wp\/v2\/pages\/90\/revisions\/276"}],"wp:attachment":[{"href":"https:\/\/hautaustoimisto.creativegorilla.zoner.dev\/index.php?rest_route=%2Fwp%2Fv2%2Fmedia&parent=90"}],"curies":[{"name":"wp","href":"https:\/\/api.w.org\/{rel}","templated":true}]}}