{"id":88,"date":"2024-12-13T11:19:56","date_gmt":"2024-12-13T09:19:56","guid":{"rendered":"https:\/\/hautaustoimisto.creativegorilla.zoner.dev\/?page_id=88"},"modified":"2024-12-28T12:38:15","modified_gmt":"2024-12-28T10:38:15","slug":"laki-ja-perunkirjoitukset","status":"publish","type":"page","link":"https:\/\/hautaustoimisto.creativegorilla.zoner.dev\/?page_id=88","title":{"rendered":"Laki ja perunkirjoitukset"},"content":{"rendered":"\t\t<div data-elementor-type=\"wp-page\" data-elementor-id=\"88\" class=\"elementor elementor-88\" data-elementor-post-type=\"page\">\n\t\t\t\t<div class=\"elementor-element elementor-element-5896e5ec e-con-full e-flex e-con e-parent\" data-id=\"5896e5ec\" data-element_type=\"container\" data-e-type=\"container\">\n\t\t<div class=\"elementor-element elementor-element-68663a9f e-con-full e-flex e-con e-child\" data-id=\"68663a9f\" data-element_type=\"container\" data-e-type=\"container\" data-settings=\"{&quot;background_background&quot;:&quot;classic&quot;}\">\n\t\t\t\t<div class=\"elementor-element elementor-element-4e440de2 elementor-widget elementor-widget-heading\" data-id=\"4e440de2\" data-element_type=\"widget\" data-e-type=\"widget\" data-widget_type=\"heading.default\">\n\t\t\t\t<div class=\"elementor-widget-container\">\n\t\t\t\t\t<h5 class=\"elementor-heading-title elementor-size-default\">palvelumme<\/h5>\t\t\t\t<\/div>\n\t\t\t\t<\/div>\n\t\t\t\t<div class=\"elementor-element elementor-element-4f197ca8 elementor-widget elementor-widget-heading\" data-id=\"4f197ca8\" data-element_type=\"widget\" data-e-type=\"widget\" data-widget_type=\"heading.default\">\n\t\t\t\t<div class=\"elementor-widget-container\">\n\t\t\t\t\t<h1 class=\"elementor-heading-title elementor-size-default\">Laki ja\nperunkirjoitukset<\/h1>\t\t\t\t<\/div>\n\t\t\t\t<\/div>\n\t\t\t\t<div class=\"elementor-element elementor-element-6ff01549 elementor-widget elementor-widget-text-editor\" data-id=\"6ff01549\" data-element_type=\"widget\" data-e-type=\"widget\" data-widget_type=\"text-editor.default\">\n\t\t\t\t<div class=\"elementor-widget-container\">\n\t\t\t\t\t\t\t\t\t<p>Palveluumme kuuluvat perunkirjoitukset, j\u00e4\u00e4mist\u00f6ositukset ja perinn\u00f6njaot sek\u00e4 kuolinpesien veroneuvonta.<\/p>\t\t\t\t\t\t\t\t<\/div>\n\t\t\t\t<\/div>\n\t\t\t\t<\/div>\n\t\t<div class=\"elementor-element elementor-element-7ca99671 e-con-full e-flex e-con e-child\" data-id=\"7ca99671\" data-element_type=\"container\" data-e-type=\"container\" data-settings=\"{&quot;background_background&quot;:&quot;classic&quot;}\">\n\t\t\t\t<\/div>\n\t\t\t\t<\/div>\n\t\t<div class=\"elementor-element elementor-element-76c1799f e-flex e-con-boxed e-con e-parent\" data-id=\"76c1799f\" data-element_type=\"container\" data-e-type=\"container\">\n\t\t\t\t\t<div class=\"e-con-inner\">\n\t\t<div class=\"elementor-element elementor-element-19630cde e-con-full e-flex e-con e-child\" data-id=\"19630cde\" data-element_type=\"container\" data-e-type=\"container\" data-settings=\"{&quot;background_background&quot;:&quot;classic&quot;}\">\n\t\t\t\t<div class=\"elementor-element elementor-element-141cbd41 elementor-widget elementor-widget-heading\" data-id=\"141cbd41\" data-element_type=\"widget\" data-e-type=\"widget\" data-widget_type=\"heading.default\">\n\t\t\t\t<div class=\"elementor-widget-container\">\n\t\t\t\t\t<h2 class=\"elementor-heading-title elementor-size-default\">Perun&shy;kirjoitukset<\/h2>\t\t\t\t<\/div>\n\t\t\t\t<\/div>\n\t\t\t\t<\/div>\n\t\t<div class=\"elementor-element elementor-element-638456bc e-con-full e-flex e-con e-child\" data-id=\"638456bc\" data-element_type=\"container\" data-e-type=\"container\">\n\t\t\t\t<div class=\"elementor-element elementor-element-2a141e36 elementor-widget elementor-widget-text-editor\" data-id=\"2a141e36\" data-element_type=\"widget\" data-e-type=\"widget\" data-widget_type=\"text-editor.default\">\n\t\t\t\t<div class=\"elementor-widget-container\">\n\t\t\t\t\t\t\t\t\t<div class=\"et_pb_with_border et_pb_module et_pb_text et_pb_text_4 et_pb_text_align_left et_pb_bg_layout_light\"><div class=\"et_pb_text_inner\"><p>Perunkirjoituksesta kannattaa ottaa yhteytt\u00e4 hautausneuvojaamme jo hyviss\u00e4 ajoin. Perunkirjoitus tulee tehd\u00e4 kolmen kuukauden kuluessa kuolemasta.<\/p><\/div><\/div>\t\t\t\t\t\t\t\t<\/div>\n\t\t\t\t<\/div>\n\t\t\t\t<div class=\"elementor-element elementor-element-597076a1 elementor-widget elementor-widget-text-editor\" data-id=\"597076a1\" data-element_type=\"widget\" data-e-type=\"widget\" data-widget_type=\"text-editor.default\">\n\t\t\t\t<div class=\"elementor-widget-container\">\n\t\t\t\t\t\t\t\t\t<div class=\"et_pb_with_border et_pb_module et_pb_text et_pb_text_4 et_pb_text_align_left et_pb_bg_layout_light\"><div class=\"et_pb_text_inner\"><p>Perunkirjoitus on toimitus, jossa selvitet\u00e4\u00e4n kuolinpes\u00e4n tila. Perunkirjoituksessa selvitet\u00e4\u00e4n perillisasemassa olevat kuolinpes\u00e4n osakkaat sek\u00e4 luetteloidaan kuolleen henkil\u00f6n ja h\u00e4nen mahdollisen puolisonsa varat ja velat perinn\u00f6njakoa ja perint\u00f6verotusta varten.<\/p><p>Perunkirjaan liitet\u00e4\u00e4n yleisimmin:<\/p><ul><li>Riitt\u00e4v\u00e4 sukuselvitys vainajasta, mist\u00e4 ilmenee mahdolliset puolisot ja perilliset sek\u00e4 perillisten virkatodistukset tai heid\u00e4n sukuselvityksens\u00e4, jos perillinen on kuollut ennen peritt\u00e4v\u00e4\u00e4.<\/li><li>Mahdollinen testamentti ja avioehtosopimus j\u00e4ljenn\u00f6ksin\u00e4<\/li><li>Mahdollinen peru-, ositus- tai perinn\u00f6njakokirja ensin kuolleen puolison j\u00e4lkeen<\/li><li>J\u00e4ljenn\u00f6kset muista asiakirjoista, jotka ovat tarpeellisia pes\u00e4n tilan selville saamiseksi<\/li><\/ul><p>Osakkaiden tulee huolehtia vainajan ja pes\u00e4n laskujen maksamisesta. Useimmat laskut voidaan suorittaa kuolinpes\u00e4n tileilt\u00e4.<\/p><p>Mik\u00e4li peritt\u00e4v\u00e4ll\u00e4 oli kuollessaan velkaa, k\u00e4\u00e4nny ehdottomasti asiantuntijan puoleen henkil\u00f6kohtaisen velkavastuun v\u00e4ltt\u00e4miseksi. Kuolinpes\u00e4n osakkaiden tulee yhdess\u00e4 p\u00e4\u00e4tt\u00e4\u00e4 kaikista kuolinpes\u00e4\u00e4 koskevista asioista.<\/p><p>Perunkirjoitus pidet\u00e4\u00e4n keskim\u00e4\u00e4rin n. 2 kuukauden kuluttua kuolinp\u00e4iv\u00e4st\u00e4, jolloin kaikki tarvittava selvitys on yleens\u00e4 saatu hankittua. Ennen perunkirjoituksen toimittamista tulee pid\u00e4tty\u00e4 kaikista kuolinpes\u00e4\u00e4 koskevista realisoinneista ym. toimilta.<\/p><\/div><\/div>\t\t\t\t\t\t\t\t<\/div>\n\t\t\t\t<\/div>\n\t\t\t\t<\/div>\n\t\t\t\t\t<\/div>\n\t\t\t\t<\/div>\n\t\t<div class=\"elementor-element elementor-element-13bb8278 e-flex e-con-boxed e-con e-parent\" data-id=\"13bb8278\" data-element_type=\"container\" data-e-type=\"container\">\n\t\t\t\t\t<div class=\"e-con-inner\">\n\t\t<div class=\"elementor-element elementor-element-1e2fea36 e-con-full e-flex e-con e-child\" data-id=\"1e2fea36\" data-element_type=\"container\" data-e-type=\"container\">\n\t\t\t\t<div class=\"elementor-element elementor-element-5ceaefaa elementor-widget elementor-widget-image\" data-id=\"5ceaefaa\" data-element_type=\"widget\" data-e-type=\"widget\" data-widget_type=\"image.default\">\n\t\t\t\t<div class=\"elementor-widget-container\">\n\t\t\t\t\t\t\t\t\t\t\t\t\t\t\t<img fetchpriority=\"high\" decoding=\"async\" width=\"714\" height=\"715\" src=\"https:\/\/hautaustoimisto.creativegorilla.zoner.dev\/wp-content\/uploads\/2024\/12\/muistilista_omaisille.jpg\" class=\"attachment-large size-large wp-image-73\" alt=\"\" srcset=\"https:\/\/hautaustoimisto.creativegorilla.zoner.dev\/wp-content\/uploads\/2024\/12\/muistilista_omaisille.jpg 714w, https:\/\/hautaustoimisto.creativegorilla.zoner.dev\/wp-content\/uploads\/2024\/12\/muistilista_omaisille-300x300.jpg 300w, https:\/\/hautaustoimisto.creativegorilla.zoner.dev\/wp-content\/uploads\/2024\/12\/muistilista_omaisille-150x150.jpg 150w\" sizes=\"(max-width: 714px) 100vw, 714px\" \/>\t\t\t\t\t\t\t\t\t\t\t\t\t\t\t<\/div>\n\t\t\t\t<\/div>\n\t\t\t\t<div class=\"elementor-element elementor-element-160d4d1 elementor-widget elementor-widget-heading\" data-id=\"160d4d1\" data-element_type=\"widget\" data-e-type=\"widget\" data-widget_type=\"heading.default\">\n\t\t\t\t<div class=\"elementor-widget-container\">\n\t\t\t\t\t<h3 class=\"elementor-heading-title elementor-size-default\">Muistilista omaisille<\/h3>\t\t\t\t<\/div>\n\t\t\t\t<\/div>\n\t\t\t\t<div class=\"elementor-element elementor-element-2e031868 elementor-widget elementor-widget-text-editor\" data-id=\"2e031868\" data-element_type=\"widget\" data-e-type=\"widget\" data-widget_type=\"text-editor.default\">\n\t\t\t\t<div class=\"elementor-widget-container\">\n\t\t\t\t\t\t\t\t\t<p>Olemme koonneet t\u00e4h\u00e4n <br \/>muistilistan, jota on <br \/>helppo seurata ja hy\u00f6dynt\u00e4\u00e4 <br \/>vaikeinakin aikoina.\u00a0<\/p>\t\t\t\t\t\t\t\t<\/div>\n\t\t\t\t<\/div>\n\t\t\t\t<div class=\"elementor-element elementor-element-7b7c8f88 elementor-widget elementor-widget-button\" data-id=\"7b7c8f88\" data-element_type=\"widget\" data-e-type=\"widget\" data-widget_type=\"button.default\">\n\t\t\t\t<div class=\"elementor-widget-container\">\n\t\t\t\t\t\t\t\t\t<div class=\"elementor-button-wrapper\">\n\t\t\t\t\t<a class=\"elementor-button elementor-button-link elementor-size-sm\" href=\"https:\/\/hautaustoimisto.creativegorilla.zoner.dev\/wp-content\/uploads\/2024\/12\/MUISTILISTA-OMAISILLE.pdf\">\n\t\t\t\t\t\t<span class=\"elementor-button-content-wrapper\">\n\t\t\t\t\t\t\t\t\t<span class=\"elementor-button-text\">Lataa t\u00e4st\u00e4 &gt;<\/span>\n\t\t\t\t\t<\/span>\n\t\t\t\t\t<\/a>\n\t\t\t\t<\/div>\n\t\t\t\t\t\t\t\t<\/div>\n\t\t\t\t<\/div>\n\t\t\t\t<\/div>\n\t\t<div class=\"elementor-element elementor-element-6303bde3 e-con-full e-flex e-con e-child\" data-id=\"6303bde3\" data-element_type=\"container\" data-e-type=\"container\">\n\t\t\t\t<div class=\"elementor-element elementor-element-5669e69 elementor-widget elementor-widget-image\" data-id=\"5669e69\" data-element_type=\"widget\" data-e-type=\"widget\" data-widget_type=\"image.default\">\n\t\t\t\t<div class=\"elementor-widget-container\">\n\t\t\t\t\t\t\t\t\t\t\t\t\t\t\t<img decoding=\"async\" width=\"800\" height=\"796\" src=\"https:\/\/hautaustoimisto.creativegorilla.zoner.dev\/wp-content\/uploads\/2024\/12\/hautaustoimistolahti-muistomerkit-1024x1019.png\" class=\"attachment-large size-large wp-image-69\" alt=\"\" srcset=\"https:\/\/hautaustoimisto.creativegorilla.zoner.dev\/wp-content\/uploads\/2024\/12\/hautaustoimistolahti-muistomerkit-1024x1019.png 1024w, https:\/\/hautaustoimisto.creativegorilla.zoner.dev\/wp-content\/uploads\/2024\/12\/hautaustoimistolahti-muistomerkit-300x300.png 300w, https:\/\/hautaustoimisto.creativegorilla.zoner.dev\/wp-content\/uploads\/2024\/12\/hautaustoimistolahti-muistomerkit-150x150.png 150w, https:\/\/hautaustoimisto.creativegorilla.zoner.dev\/wp-content\/uploads\/2024\/12\/hautaustoimistolahti-muistomerkit-768x765.png 768w, https:\/\/hautaustoimisto.creativegorilla.zoner.dev\/wp-content\/uploads\/2024\/12\/hautaustoimistolahti-muistomerkit.png 1330w\" sizes=\"(max-width: 800px) 100vw, 800px\" \/>\t\t\t\t\t\t\t\t\t\t\t\t\t\t\t<\/div>\n\t\t\t\t<\/div>\n\t\t\t\t<div class=\"elementor-element elementor-element-6d7f8dbc elementor-widget elementor-widget-heading\" data-id=\"6d7f8dbc\" data-element_type=\"widget\" data-e-type=\"widget\" data-widget_type=\"heading.default\">\n\t\t\t\t<div class=\"elementor-widget-container\">\n\t\t\t\t\t<h3 class=\"elementor-heading-title elementor-size-default\">Hautakiviesite<\/h3>\t\t\t\t<\/div>\n\t\t\t\t<\/div>\n\t\t\t\t<div class=\"elementor-element elementor-element-23641196 elementor-widget elementor-widget-text-editor\" data-id=\"23641196\" data-element_type=\"widget\" data-e-type=\"widget\" data-widget_type=\"text-editor.default\">\n\t\t\t\t<div class=\"elementor-widget-container\">\n\t\t\t\t\t\t\t\t\t<p>Tervetuloa tutustumaan laajaan <br \/>hautakivi-mallistoomme, josta <br \/>l\u00f6yd\u00e4t niin perinteisi\u00e4 kuin <br \/>moderneja muistomerkkimalleja.<\/p>\t\t\t\t\t\t\t\t<\/div>\n\t\t\t\t<\/div>\n\t\t\t\t<div class=\"elementor-element elementor-element-43c7e586 elementor-widget elementor-widget-button\" data-id=\"43c7e586\" data-element_type=\"widget\" data-e-type=\"widget\" data-widget_type=\"button.default\">\n\t\t\t\t<div class=\"elementor-widget-container\">\n\t\t\t\t\t\t\t\t\t<div class=\"elementor-button-wrapper\">\n\t\t\t\t\t<a class=\"elementor-button elementor-button-link elementor-size-sm\" href=\"https:\/\/hautaustoimisto.creativegorilla.zoner.dev\/wp-content\/uploads\/2024\/12\/Kivilahde-kuvasto.pdf\">\n\t\t\t\t\t\t<span class=\"elementor-button-content-wrapper\">\n\t\t\t\t\t\t\t\t\t<span class=\"elementor-button-text\">Lataa t\u00e4st\u00e4 &gt;<\/span>\n\t\t\t\t\t<\/span>\n\t\t\t\t\t<\/a>\n\t\t\t\t<\/div>\n\t\t\t\t\t\t\t\t<\/div>\n\t\t\t\t<\/div>\n\t\t\t\t<\/div>\n\t\t<div class=\"elementor-element elementor-element-5087ab6d e-con-full e-flex e-con e-child\" data-id=\"5087ab6d\" data-element_type=\"container\" data-e-type=\"container\">\n\t\t\t\t<div class=\"elementor-element elementor-element-6a54f722 elementor-widget elementor-widget-image\" data-id=\"6a54f722\" data-element_type=\"widget\" data-e-type=\"widget\" data-widget_type=\"image.default\">\n\t\t\t\t<div class=\"elementor-widget-container\">\n\t\t\t\t\t\t\t\t\t\t\t\t\t\t\t<img decoding=\"async\" width=\"714\" height=\"715\" src=\"https:\/\/hautaustoimisto.creativegorilla.zoner.dev\/wp-content\/uploads\/2024\/12\/Ekoarkut.jpg\" class=\"attachment-large size-large wp-image-64\" alt=\"\" srcset=\"https:\/\/hautaustoimisto.creativegorilla.zoner.dev\/wp-content\/uploads\/2024\/12\/Ekoarkut.jpg 714w, https:\/\/hautaustoimisto.creativegorilla.zoner.dev\/wp-content\/uploads\/2024\/12\/Ekoarkut-300x300.jpg 300w, https:\/\/hautaustoimisto.creativegorilla.zoner.dev\/wp-content\/uploads\/2024\/12\/Ekoarkut-150x150.jpg 150w\" sizes=\"(max-width: 714px) 100vw, 714px\" \/>\t\t\t\t\t\t\t\t\t\t\t\t\t\t\t<\/div>\n\t\t\t\t<\/div>\n\t\t\t\t<div class=\"elementor-element elementor-element-3b74d906 elementor-widget elementor-widget-heading\" data-id=\"3b74d906\" data-element_type=\"widget\" data-e-type=\"widget\" data-widget_type=\"heading.default\">\n\t\t\t\t<div class=\"elementor-widget-container\">\n\t\t\t\t\t<h3 class=\"elementor-heading-title elementor-size-default\">Arkut ja uurnat<\/h3>\t\t\t\t<\/div>\n\t\t\t\t<\/div>\n\t\t\t\t<div class=\"elementor-element elementor-element-7bc037d8 elementor-widget elementor-widget-text-editor\" data-id=\"7bc037d8\" data-element_type=\"widget\" data-e-type=\"widget\" data-widget_type=\"text-editor.default\">\n\t\t\t\t<div class=\"elementor-widget-container\">\n\t\t\t\t\t\t\t\t\t<p>Arkuissa ja uurnissa yhdistyv\u00e4t <br \/>laadukkaat materiaalit, <br \/>vuosikymmenten kokemus<br \/>sek\u00e4 suomalainen k\u00e4sity\u00f6.<\/p>\t\t\t\t\t\t\t\t<\/div>\n\t\t\t\t<\/div>\n\t\t\t\t<div class=\"elementor-element elementor-element-279b4026 elementor-widget elementor-widget-button\" data-id=\"279b4026\" data-element_type=\"widget\" data-e-type=\"widget\" data-widget_type=\"button.default\">\n\t\t\t\t<div class=\"elementor-widget-container\">\n\t\t\t\t\t\t\t\t\t<div class=\"elementor-button-wrapper\">\n\t\t\t\t\t<a class=\"elementor-button elementor-button-link elementor-size-sm\" href=\"https:\/\/hautaustoimisto.creativegorilla.zoner.dev\/wp-content\/uploads\/2024\/12\/Arkut_ja_uurnat_kuvasto_2022.pdf\">\n\t\t\t\t\t\t<span class=\"elementor-button-content-wrapper\">\n\t\t\t\t\t\t\t\t\t<span class=\"elementor-button-text\">Lataa t\u00e4st\u00e4 &gt;<\/span>\n\t\t\t\t\t<\/span>\n\t\t\t\t\t<\/a>\n\t\t\t\t<\/div>\n\t\t\t\t\t\t\t\t<\/div>\n\t\t\t\t<\/div>\n\t\t\t\t<\/div>\n\t\t\t\t\t<\/div>\n\t\t\t\t<\/div>\n\t\t<div class=\"elementor-element elementor-element-1af774d2 e-flex e-con-boxed e-con e-parent\" data-id=\"1af774d2\" data-element_type=\"container\" data-e-type=\"container\">\n\t\t\t\t\t<div class=\"e-con-inner\">\n\t\t\t\t<div class=\"elementor-element elementor-element-43ac7db6 elementor-widget elementor-widget-image\" data-id=\"43ac7db6\" data-element_type=\"widget\" data-e-type=\"widget\" data-widget_type=\"image.default\">\n\t\t\t\t<div class=\"elementor-widget-container\">\n\t\t\t\t\t\t\t\t\t\t\t\t\t\t\t<img loading=\"lazy\" decoding=\"async\" width=\"800\" height=\"348\" src=\"https:\/\/hautaustoimisto.creativegorilla.zoner.dev\/wp-content\/uploads\/2024\/12\/hautaustoimistolahti-laki_ja_perunkirjoitukset-1024x446.jpg\" class=\"attachment-large size-large wp-image-266\" alt=\"\" srcset=\"https:\/\/hautaustoimisto.creativegorilla.zoner.dev\/wp-content\/uploads\/2024\/12\/hautaustoimistolahti-laki_ja_perunkirjoitukset-1024x446.jpg 1024w, https:\/\/hautaustoimisto.creativegorilla.zoner.dev\/wp-content\/uploads\/2024\/12\/hautaustoimistolahti-laki_ja_perunkirjoitukset-300x131.jpg 300w, https:\/\/hautaustoimisto.creativegorilla.zoner.dev\/wp-content\/uploads\/2024\/12\/hautaustoimistolahti-laki_ja_perunkirjoitukset-768x335.jpg 768w, https:\/\/hautaustoimisto.creativegorilla.zoner.dev\/wp-content\/uploads\/2024\/12\/hautaustoimistolahti-laki_ja_perunkirjoitukset-1536x670.jpg 1536w, https:\/\/hautaustoimisto.creativegorilla.zoner.dev\/wp-content\/uploads\/2024\/12\/hautaustoimistolahti-laki_ja_perunkirjoitukset-2048x893.jpg 2048w\" sizes=\"(max-width: 800px) 100vw, 800px\" \/>\t\t\t\t\t\t\t\t\t\t\t\t\t\t\t<\/div>\n\t\t\t\t<\/div>\n\t\t\t\t\t<\/div>\n\t\t\t\t<\/div>\n\t\t\t\t<\/div>\n\t\t","protected":false},"excerpt":{"rendered":"<p>palvelumme Laki ja perunkirjoitukset Palveluumme kuuluvat perunkirjoitukset, j\u00e4\u00e4mist\u00f6ositukset ja perinn\u00f6njaot sek\u00e4 kuolinpesien veroneuvonta. Perun&shy;kirjoitukset Perunkirjoituksesta kannattaa ottaa yhteytt\u00e4 hautausneuvojaamme jo hyviss\u00e4 ajoin. Perunkirjoitus tulee tehd\u00e4 kolmen kuukauden kuluessa kuolemasta. Perunkirjoitus on toimitus, jossa selvitet\u00e4\u00e4n kuolinpes\u00e4n tila. Perunkirjoituksessa selvitet\u00e4\u00e4n perillisasemassa olevat kuolinpes\u00e4n osakkaat sek\u00e4 luetteloidaan kuolleen henkil\u00f6n ja h\u00e4nen mahdollisen puolisonsa varat ja velat perinn\u00f6njakoa ja [&hellip;]<\/p>\n","protected":false},"author":1,"featured_media":0,"parent":0,"menu_order":0,"comment_status":"closed","ping_status":"closed","template":"","meta":{"footnotes":""},"class_list":["post-88","page","type-page","status-publish","hentry"],"yoast_head":"<!-- This site is optimized with the Yoast SEO plugin v26.8 - https:\/\/yoast.com\/product\/yoast-seo-wordpress\/ -->\n<title>Perunkirjoitukset \u2013 Asiantuntevaa apua perint\u00f6asioihin<\/title>\n<meta name=\"description\" content=\"Perunkirjoitukset. Asiantuntevaa apua perunkirjoituksiin ja perint\u00f6asioiden hoitamiseen. Varmistamme, ett\u00e4 perunkirjoitus menee oikeen.\" \/>\n<meta name=\"robots\" content=\"noindex, follow, max-snippet:-1, max-image-preview:large, max-video-preview:-1\" \/>\n<meta property=\"og:locale\" content=\"fi_FI\" \/>\n<meta property=\"og:type\" content=\"article\" \/>\n<meta property=\"og:title\" content=\"Perunkirjoitukset \u2013 Asiantuntevaa apua perint\u00f6asioihin\" \/>\n<meta property=\"og:description\" content=\"Perunkirjoitukset. Asiantuntevaa apua perunkirjoituksiin ja perint\u00f6asioiden hoitamiseen. Varmistamme, ett\u00e4 perunkirjoitus menee oikeen.\" \/>\n<meta property=\"og:url\" content=\"https:\/\/hautaustoimisto.creativegorilla.zoner.dev\/?page_id=88\" \/>\n<meta property=\"og:site_name\" content=\"Torin Wanha Hautaustoimisto Oy\" \/>\n<meta property=\"article:modified_time\" content=\"2024-12-28T10:38:15+00:00\" \/>\n<meta property=\"og:image\" content=\"https:\/\/hautaustoimisto.creativegorilla.zoner.dev\/wp-content\/uploads\/2024\/12\/muistilista_omaisille.jpg\" \/>\n<meta name=\"twitter:card\" content=\"summary_large_image\" \/>\n<meta name=\"twitter:label1\" content=\"Arvioitu lukuaika\" \/>\n\t<meta name=\"twitter:data1\" content=\"3 minuuttia\" \/>\n<script type=\"application\/ld+json\" class=\"yoast-schema-graph\">{\"@context\":\"https:\/\/schema.org\",\"@graph\":[{\"@type\":\"WebPage\",\"@id\":\"https:\/\/hautaustoimisto.creativegorilla.zoner.dev\/?page_id=88\",\"url\":\"https:\/\/hautaustoimisto.creativegorilla.zoner.dev\/?page_id=88\",\"name\":\"Perunkirjoitukset \u2013 Asiantuntevaa apua perint\u00f6asioihin\",\"isPartOf\":{\"@id\":\"https:\/\/hautaustoimisto.creativegorilla.zoner.dev\/#website\"},\"primaryImageOfPage\":{\"@id\":\"https:\/\/hautaustoimisto.creativegorilla.zoner.dev\/?page_id=88#primaryimage\"},\"image\":{\"@id\":\"https:\/\/hautaustoimisto.creativegorilla.zoner.dev\/?page_id=88#primaryimage\"},\"thumbnailUrl\":\"https:\/\/hautaustoimisto.creativegorilla.zoner.dev\/wp-content\/uploads\/2024\/12\/muistilista_omaisille.jpg\",\"datePublished\":\"2024-12-13T09:19:56+00:00\",\"dateModified\":\"2024-12-28T10:38:15+00:00\",\"description\":\"Perunkirjoitukset. Asiantuntevaa apua perunkirjoituksiin ja perint\u00f6asioiden hoitamiseen. Varmistamme, ett\u00e4 perunkirjoitus menee oikeen.\",\"breadcrumb\":{\"@id\":\"https:\/\/hautaustoimisto.creativegorilla.zoner.dev\/?page_id=88#breadcrumb\"},\"inLanguage\":\"fi\",\"potentialAction\":[{\"@type\":\"ReadAction\",\"target\":[\"https:\/\/hautaustoimisto.creativegorilla.zoner.dev\/?page_id=88\"]}]},{\"@type\":\"ImageObject\",\"inLanguage\":\"fi\",\"@id\":\"https:\/\/hautaustoimisto.creativegorilla.zoner.dev\/?page_id=88#primaryimage\",\"url\":\"https:\/\/hautaustoimisto.creativegorilla.zoner.dev\/wp-content\/uploads\/2024\/12\/muistilista_omaisille.jpg\",\"contentUrl\":\"https:\/\/hautaustoimisto.creativegorilla.zoner.dev\/wp-content\/uploads\/2024\/12\/muistilista_omaisille.jpg\",\"width\":714,\"height\":715},{\"@type\":\"BreadcrumbList\",\"@id\":\"https:\/\/hautaustoimisto.creativegorilla.zoner.dev\/?page_id=88#breadcrumb\",\"itemListElement\":[{\"@type\":\"ListItem\",\"position\":1,\"name\":\"Etusivu\",\"item\":\"https:\/\/hautaustoimisto.creativegorilla.zoner.dev\/\"},{\"@type\":\"ListItem\",\"position\":2,\"name\":\"Laki ja perunkirjoitukset\"}]},{\"@type\":\"WebSite\",\"@id\":\"https:\/\/hautaustoimisto.creativegorilla.zoner.dev\/#website\",\"url\":\"https:\/\/hautaustoimisto.creativegorilla.zoner.dev\/\",\"name\":\"Torin Wanha Hautaustoimisto Oy\",\"description\":\"T&auml;yden palvelun hautaustoimisto Lahdessa\",\"potentialAction\":[{\"@type\":\"SearchAction\",\"target\":{\"@type\":\"EntryPoint\",\"urlTemplate\":\"https:\/\/hautaustoimisto.creativegorilla.zoner.dev\/?s={search_term_string}\"},\"query-input\":{\"@type\":\"PropertyValueSpecification\",\"valueRequired\":true,\"valueName\":\"search_term_string\"}}],\"inLanguage\":\"fi\"}]}<\/script>\n<!-- \/ Yoast SEO plugin. -->","yoast_head_json":{"title":"Perunkirjoitukset \u2013 Asiantuntevaa apua perint\u00f6asioihin","description":"Perunkirjoitukset. Asiantuntevaa apua perunkirjoituksiin ja perint\u00f6asioiden hoitamiseen. Varmistamme, ett\u00e4 perunkirjoitus menee oikeen.","robots":{"index":"noindex","follow":"follow","max-snippet":"max-snippet:-1","max-image-preview":"max-image-preview:large","max-video-preview":"max-video-preview:-1"},"og_locale":"fi_FI","og_type":"article","og_title":"Perunkirjoitukset \u2013 Asiantuntevaa apua perint\u00f6asioihin","og_description":"Perunkirjoitukset. Asiantuntevaa apua perunkirjoituksiin ja perint\u00f6asioiden hoitamiseen. Varmistamme, ett\u00e4 perunkirjoitus menee oikeen.","og_url":"https:\/\/hautaustoimisto.creativegorilla.zoner.dev\/?page_id=88","og_site_name":"Torin Wanha Hautaustoimisto Oy","article_modified_time":"2024-12-28T10:38:15+00:00","og_image":[{"url":"https:\/\/hautaustoimisto.creativegorilla.zoner.dev\/wp-content\/uploads\/2024\/12\/muistilista_omaisille.jpg","type":"","width":"","height":""}],"twitter_card":"summary_large_image","twitter_misc":{"Arvioitu lukuaika":"3 minuuttia"},"schema":{"@context":"https:\/\/schema.org","@graph":[{"@type":"WebPage","@id":"https:\/\/hautaustoimisto.creativegorilla.zoner.dev\/?page_id=88","url":"https:\/\/hautaustoimisto.creativegorilla.zoner.dev\/?page_id=88","name":"Perunkirjoitukset \u2013 Asiantuntevaa apua perint\u00f6asioihin","isPartOf":{"@id":"https:\/\/hautaustoimisto.creativegorilla.zoner.dev\/#website"},"primaryImageOfPage":{"@id":"https:\/\/hautaustoimisto.creativegorilla.zoner.dev\/?page_id=88#primaryimage"},"image":{"@id":"https:\/\/hautaustoimisto.creativegorilla.zoner.dev\/?page_id=88#primaryimage"},"thumbnailUrl":"https:\/\/hautaustoimisto.creativegorilla.zoner.dev\/wp-content\/uploads\/2024\/12\/muistilista_omaisille.jpg","datePublished":"2024-12-13T09:19:56+00:00","dateModified":"2024-12-28T10:38:15+00:00","description":"Perunkirjoitukset. Asiantuntevaa apua perunkirjoituksiin ja perint\u00f6asioiden hoitamiseen. Varmistamme, ett\u00e4 perunkirjoitus menee oikeen.","breadcrumb":{"@id":"https:\/\/hautaustoimisto.creativegorilla.zoner.dev\/?page_id=88#breadcrumb"},"inLanguage":"fi","potentialAction":[{"@type":"ReadAction","target":["https:\/\/hautaustoimisto.creativegorilla.zoner.dev\/?page_id=88"]}]},{"@type":"ImageObject","inLanguage":"fi","@id":"https:\/\/hautaustoimisto.creativegorilla.zoner.dev\/?page_id=88#primaryimage","url":"https:\/\/hautaustoimisto.creativegorilla.zoner.dev\/wp-content\/uploads\/2024\/12\/muistilista_omaisille.jpg","contentUrl":"https:\/\/hautaustoimisto.creativegorilla.zoner.dev\/wp-content\/uploads\/2024\/12\/muistilista_omaisille.jpg","width":714,"height":715},{"@type":"BreadcrumbList","@id":"https:\/\/hautaustoimisto.creativegorilla.zoner.dev\/?page_id=88#breadcrumb","itemListElement":[{"@type":"ListItem","position":1,"name":"Etusivu","item":"https:\/\/hautaustoimisto.creativegorilla.zoner.dev\/"},{"@type":"ListItem","position":2,"name":"Laki ja perunkirjoitukset"}]},{"@type":"WebSite","@id":"https:\/\/hautaustoimisto.creativegorilla.zoner.dev\/#website","url":"https:\/\/hautaustoimisto.creativegorilla.zoner.dev\/","name":"Torin Wanha Hautaustoimisto Oy","description":"T&auml;yden palvelun hautaustoimisto Lahdessa","potentialAction":[{"@type":"SearchAction","target":{"@type":"EntryPoint","urlTemplate":"https:\/\/hautaustoimisto.creativegorilla.zoner.dev\/?s={search_term_string}"},"query-input":{"@type":"PropertyValueSpecification","valueRequired":true,"valueName":"search_term_string"}}],"inLanguage":"fi"}]}},"_links":{"self":[{"href":"https:\/\/hautaustoimisto.creativegorilla.zoner.dev\/index.php?rest_route=\/wp\/v2\/pages\/88","targetHints":{"allow":["GET"]}}],"collection":[{"href":"https:\/\/hautaustoimisto.creativegorilla.zoner.dev\/index.php?rest_route=\/wp\/v2\/pages"}],"about":[{"href":"https:\/\/hautaustoimisto.creativegorilla.zoner.dev\/index.php?rest_route=\/wp\/v2\/types\/page"}],"author":[{"embeddable":true,"href":"https:\/\/hautaustoimisto.creativegorilla.zoner.dev\/index.php?rest_route=\/wp\/v2\/users\/1"}],"replies":[{"embeddable":true,"href":"https:\/\/hautaustoimisto.creativegorilla.zoner.dev\/index.php?rest_route=%2Fwp%2Fv2%2Fcomments&post=88"}],"version-history":[{"count":4,"href":"https:\/\/hautaustoimisto.creativegorilla.zoner.dev\/index.php?rest_route=\/wp\/v2\/pages\/88\/revisions"}],"predecessor-version":[{"id":270,"href":"https:\/\/hautaustoimisto.creativegorilla.zoner.dev\/index.php?rest_route=\/wp\/v2\/pages\/88\/revisions\/270"}],"wp:attachment":[{"href":"https:\/\/hautaustoimisto.creativegorilla.zoner.dev\/index.php?rest_route=%2Fwp%2Fv2%2Fmedia&parent=88"}],"curies":[{"name":"wp","href":"https:\/\/api.w.org\/{rel}","templated":true}]}}