{"id":41,"date":"2024-12-13T10:02:30","date_gmt":"2024-12-13T08:02:30","guid":{"rendered":"https:\/\/hautaustoimisto.creativegorilla.zoner.dev\/?page_id=41"},"modified":"2024-12-28T12:57:26","modified_gmt":"2024-12-28T10:57:26","slug":"blogi","status":"publish","type":"page","link":"https:\/\/hautaustoimisto.creativegorilla.zoner.dev\/?page_id=41","title":{"rendered":"Blogi"},"content":{"rendered":"\t\t<div data-elementor-type=\"wp-page\" data-elementor-id=\"41\" class=\"elementor elementor-41\" data-elementor-post-type=\"page\">\n\t\t\t\t<div class=\"elementor-element elementor-element-1f05542c e-con-full e-flex e-con e-parent\" data-id=\"1f05542c\" data-element_type=\"container\" data-e-type=\"container\">\n\t\t<div class=\"elementor-element elementor-element-4019f6ea e-con-full e-flex e-con e-child\" data-id=\"4019f6ea\" data-element_type=\"container\" data-e-type=\"container\" data-settings=\"{&quot;background_background&quot;:&quot;classic&quot;}\">\n\t\t\t\t<div class=\"elementor-element elementor-element-5bc67a3f elementor-widget elementor-widget-heading\" data-id=\"5bc67a3f\" data-element_type=\"widget\" data-e-type=\"widget\" data-widget_type=\"heading.default\">\n\t\t\t\t<div class=\"elementor-widget-container\">\n\t\t\t\t\t<h5 class=\"elementor-heading-title elementor-size-default\">palvelumme<\/h5>\t\t\t\t<\/div>\n\t\t\t\t<\/div>\n\t\t\t\t<div class=\"elementor-element elementor-element-b6e3719 elementor-widget elementor-widget-heading\" data-id=\"b6e3719\" data-element_type=\"widget\" data-e-type=\"widget\" data-widget_type=\"heading.default\">\n\t\t\t\t<div class=\"elementor-widget-container\">\n\t\t\t\t\t<h1 class=\"elementor-heading-title elementor-size-default\">Blogi<\/h1>\t\t\t\t<\/div>\n\t\t\t\t<\/div>\n\t\t\t\t<div class=\"elementor-element elementor-element-8db1103 elementor-widget elementor-widget-text-editor\" data-id=\"8db1103\" data-element_type=\"widget\" data-e-type=\"widget\" data-widget_type=\"text-editor.default\">\n\t\t\t\t<div class=\"elementor-widget-container\">\n\t\t\t\t\t\t\t\t\t<p>Kirjoitamme blogiimme henkil\u00f6kunnan mietteit\u00e4 hautaustoimiston tiskin takaa sek\u00e4 ajankohtaisia pohdintoja alalta.<\/p>\t\t\t\t\t\t\t\t<\/div>\n\t\t\t\t<\/div>\n\t\t\t\t<\/div>\n\t\t<div class=\"elementor-element elementor-element-7fa1969b e-con-full e-flex e-con e-child\" data-id=\"7fa1969b\" data-element_type=\"container\" data-e-type=\"container\" data-settings=\"{&quot;background_background&quot;:&quot;classic&quot;}\">\n\t\t\t\t<\/div>\n\t\t\t\t<\/div>\n\t\t<div class=\"elementor-element elementor-element-ed5c021 e-flex e-con-boxed e-con e-parent\" data-id=\"ed5c021\" data-element_type=\"container\" data-e-type=\"container\">\n\t\t\t\t\t<div class=\"e-con-inner\">\n\t\t\t\t<div class=\"elementor-element elementor-element-ff80336 elementor-grid-1 elementor-grid-tablet-2 elementor-grid-mobile-1 elementor-posts--thumbnail-top elementor-widget elementor-widget-posts\" data-id=\"ff80336\" data-element_type=\"widget\" data-e-type=\"widget\" data-settings=\"{&quot;classic_columns&quot;:&quot;1&quot;,&quot;classic_columns_tablet&quot;:&quot;2&quot;,&quot;classic_columns_mobile&quot;:&quot;1&quot;,&quot;classic_row_gap&quot;:{&quot;unit&quot;:&quot;px&quot;,&quot;size&quot;:35,&quot;sizes&quot;:[]},&quot;classic_row_gap_tablet&quot;:{&quot;unit&quot;:&quot;px&quot;,&quot;size&quot;:&quot;&quot;,&quot;sizes&quot;:[]},&quot;classic_row_gap_mobile&quot;:{&quot;unit&quot;:&quot;px&quot;,&quot;size&quot;:&quot;&quot;,&quot;sizes&quot;:[]}}\" data-widget_type=\"posts.classic\">\n\t\t\t\t<div class=\"elementor-widget-container\">\n\t\t\t\t\t\t\t<div class=\"elementor-posts-container elementor-posts elementor-posts--skin-classic elementor-grid\" role=\"list\">\n\t\t\t\t<article class=\"elementor-post elementor-grid-item post-300 post type-post status-publish format-standard hentry category-uncategorized\" role=\"listitem\">\n\t\t\t\t<div class=\"elementor-post__text\">\n\t\t\t\t<h3 class=\"elementor-post__title\">\n\t\t\t<a href=\"https:\/\/hautaustoimisto.creativegorilla.zoner.dev\/?p=300\" >\n\t\t\t\tOmien hautajaisten suunnittelu \u2013 Selke\u00e4t ja kattavat toiveet hautajaisj\u00e4rjestelyist\u00e4 v\u00e4hent\u00e4v\u00e4t omaisten huolta\t\t\t<\/a>\n\t\t<\/h3>\n\t\t\t\t<div class=\"elementor-post__excerpt\">\n\t\t\t<p>Hautajaisj\u00e4rjestelyt ja hautajaiset ovat t\u00e4rke\u00e4 osa omaisten, yst\u00e4vien ja muiden l\u00e4heisten suruty\u00f6t\u00e4. Hautajaisissa omaiset saavat mahdollisuuden j\u00e4tt\u00e4\u00e4 j\u00e4\u00e4hyv\u00e4iset, osoittaa rakkauttaan ja suruaan. Omaisille hautajaiset ovat kokemus, joka seuraa heit\u00e4 koko el\u00e4m\u00e4n ajan; jotain, jonka he surustaan huolimatta voivat muistaa l\u00e4mpim\u00e4n\u00e4 ja hienona tilaisuutena. Omaa kuolemaa ei usein tule ajatelleeksi, kuin<\/p>\n\t\t<\/div>\n\t\t\n\t\t<a class=\"elementor-post__read-more\" href=\"https:\/\/hautaustoimisto.creativegorilla.zoner.dev\/?p=300\" aria-label=\"Read more about Omien hautajaisten suunnittelu \u2013 Selke\u00e4t ja kattavat toiveet hautajaisj\u00e4rjestelyist\u00e4 v\u00e4hent\u00e4v\u00e4t omaisten huolta\" tabindex=\"-1\" >\n\t\t\tLue lis\u00e4\u00e4 \u00bb\t\t<\/a>\n\n\t\t\t\t<\/div>\n\t\t\t\t<\/article>\n\t\t\t\t<article class=\"elementor-post elementor-grid-item post-296 post type-post status-publish format-standard hentry category-uncategorized\" role=\"listitem\">\n\t\t\t\t<div class=\"elementor-post__text\">\n\t\t\t\t<h3 class=\"elementor-post__title\">\n\t\t\t<a href=\"https:\/\/hautaustoimisto.creativegorilla.zoner.dev\/?p=296\" >\n\t\t\t\tNastolan uusi Torin Wanha\t\t\t<\/a>\n\t\t<\/h3>\n\t\t\t\t<div class=\"elementor-post__excerpt\">\n\t\t\t<p>Monelle on varmasti tuttu Lahden kauppatorin kupeessa oleva Torin Wanha hautaustoimisto. Vuodesta 1939 samassa kivijalassa seissyt toimisto on vaihtanut niin omistajaa kuin nime\u00e4kin useampaan otteeseen. Viimeisen omistajavaihdoksen j\u00e4lkeen my\u00f6s min\u00e4 olen p\u00e4\u00e4ssyt tutustumaan alaan ja saanut kokea her\u00e4\u00e4misen, l\u00f6yt\u00e4nyt oman kutsumukseni. Olen tehnyt vuosia t\u00f6it\u00e4 asiakaspalveluteht\u00e4viss\u00e4 eri sektoreilla, mutta jokin<\/p>\n\t\t<\/div>\n\t\t\n\t\t<a class=\"elementor-post__read-more\" href=\"https:\/\/hautaustoimisto.creativegorilla.zoner.dev\/?p=296\" aria-label=\"Read more about Nastolan uusi Torin Wanha\" tabindex=\"-1\" >\n\t\t\tLue lis\u00e4\u00e4 \u00bb\t\t<\/a>\n\n\t\t\t\t<\/div>\n\t\t\t\t<\/article>\n\t\t\t\t<article class=\"elementor-post elementor-grid-item post-293 post type-post status-publish format-standard hentry category-uncategorized\" role=\"listitem\">\n\t\t\t\t<div class=\"elementor-post__text\">\n\t\t\t\t<h3 class=\"elementor-post__title\">\n\t\t\t<a href=\"https:\/\/hautaustoimisto.creativegorilla.zoner.dev\/?p=293\" >\n\t\t\t\tKutsumus\t\t\t<\/a>\n\t\t<\/h3>\n\t\t\t\t<div class=\"elementor-post__excerpt\">\n\t\t\t<p>Olin vuosia etsinyt ja kokeillut eri aloja ja ammatteja; matkaopas, lentokentt\u00e4virkailija, tulkkauskoordinaattori, hotellin respa vain muutamia mainitakseni. Kaikissa p\u00e4\u00e4sin l\u00e4helle ihmisi\u00e4 ja asiakaspalvelu onkin ollut aina l\u00e4hell\u00e4 syd\u00e4nt\u00e4ni, kuitenkin jokin tuntui aina puuttuvan. Halusin l\u00f6yt\u00e4\u00e4 ammatin, jossa voisin tehd\u00e4 jotain merkityksellist\u00e4, jossa voisin kokea olevani erityinen ja auttaa ihmisi\u00e4. Ensimm\u00e4isen<\/p>\n\t\t<\/div>\n\t\t\n\t\t<a class=\"elementor-post__read-more\" href=\"https:\/\/hautaustoimisto.creativegorilla.zoner.dev\/?p=293\" aria-label=\"Read more about Kutsumus\" tabindex=\"-1\" >\n\t\t\tLue lis\u00e4\u00e4 \u00bb\t\t<\/a>\n\n\t\t\t\t<\/div>\n\t\t\t\t<\/article>\n\t\t\t\t<\/div>\n\t\t\n\t\t\t\t\t\t<\/div>\n\t\t\t\t<\/div>\n\t\t\t\t\t<\/div>\n\t\t\t\t<\/div>\n\t\t\t\t<\/div>\n\t\t","protected":false},"excerpt":{"rendered":"<p>palvelumme Blogi Kirjoitamme blogiimme henkil\u00f6kunnan mietteit\u00e4 hautaustoimiston tiskin takaa sek\u00e4 ajankohtaisia pohdintoja alalta.<\/p>\n","protected":false},"author":1,"featured_media":0,"parent":0,"menu_order":0,"comment_status":"closed","ping_status":"closed","template":"","meta":{"footnotes":""},"class_list":["post-41","page","type-page","status-publish","hentry"],"yoast_head":"<!-- This site is optimized with the Yoast SEO plugin v26.8 - https:\/\/yoast.com\/product\/yoast-seo-wordpress\/ -->\n<title>Blogi - Torin Wanha Hautaustoimisto Oy<\/title>\n<meta name=\"description\" content=\"blogi\" \/>\n<meta name=\"robots\" content=\"noindex, follow, max-snippet:-1, max-image-preview:large, max-video-preview:-1\" \/>\n<meta property=\"og:locale\" content=\"fi_FI\" \/>\n<meta property=\"og:type\" content=\"article\" \/>\n<meta property=\"og:title\" content=\"Blogi - Torin Wanha Hautaustoimisto Oy\" \/>\n<meta property=\"og:description\" content=\"blogi\" \/>\n<meta property=\"og:url\" content=\"https:\/\/hautaustoimisto.creativegorilla.zoner.dev\/?page_id=41\" \/>\n<meta property=\"og:site_name\" content=\"Torin Wanha Hautaustoimisto Oy\" \/>\n<meta property=\"article:modified_time\" content=\"2024-12-28T10:57:26+00:00\" \/>\n<meta name=\"twitter:card\" content=\"summary_large_image\" \/>\n<meta name=\"twitter:label1\" content=\"Arvioitu lukuaika\" \/>\n\t<meta name=\"twitter:data1\" content=\"1 minuutti\" \/>\n<script type=\"application\/ld+json\" class=\"yoast-schema-graph\">{\"@context\":\"https:\/\/schema.org\",\"@graph\":[{\"@type\":\"WebPage\",\"@id\":\"https:\/\/hautaustoimisto.creativegorilla.zoner.dev\/?page_id=41\",\"url\":\"https:\/\/hautaustoimisto.creativegorilla.zoner.dev\/?page_id=41\",\"name\":\"Blogi - Torin Wanha Hautaustoimisto Oy\",\"isPartOf\":{\"@id\":\"https:\/\/hautaustoimisto.creativegorilla.zoner.dev\/#website\"},\"datePublished\":\"2024-12-13T08:02:30+00:00\",\"dateModified\":\"2024-12-28T10:57:26+00:00\",\"description\":\"blogi\",\"breadcrumb\":{\"@id\":\"https:\/\/hautaustoimisto.creativegorilla.zoner.dev\/?page_id=41#breadcrumb\"},\"inLanguage\":\"fi\",\"potentialAction\":[{\"@type\":\"ReadAction\",\"target\":[\"https:\/\/hautaustoimisto.creativegorilla.zoner.dev\/?page_id=41\"]}]},{\"@type\":\"BreadcrumbList\",\"@id\":\"https:\/\/hautaustoimisto.creativegorilla.zoner.dev\/?page_id=41#breadcrumb\",\"itemListElement\":[{\"@type\":\"ListItem\",\"position\":1,\"name\":\"Etusivu\",\"item\":\"https:\/\/hautaustoimisto.creativegorilla.zoner.dev\/\"},{\"@type\":\"ListItem\",\"position\":2,\"name\":\"Blogi\"}]},{\"@type\":\"WebSite\",\"@id\":\"https:\/\/hautaustoimisto.creativegorilla.zoner.dev\/#website\",\"url\":\"https:\/\/hautaustoimisto.creativegorilla.zoner.dev\/\",\"name\":\"Torin Wanha Hautaustoimisto Oy\",\"description\":\"T&auml;yden palvelun hautaustoimisto Lahdessa\",\"potentialAction\":[{\"@type\":\"SearchAction\",\"target\":{\"@type\":\"EntryPoint\",\"urlTemplate\":\"https:\/\/hautaustoimisto.creativegorilla.zoner.dev\/?s={search_term_string}\"},\"query-input\":{\"@type\":\"PropertyValueSpecification\",\"valueRequired\":true,\"valueName\":\"search_term_string\"}}],\"inLanguage\":\"fi\"}]}<\/script>\n<!-- \/ Yoast SEO plugin. -->","yoast_head_json":{"title":"Blogi - Torin Wanha Hautaustoimisto Oy","description":"blogi","robots":{"index":"noindex","follow":"follow","max-snippet":"max-snippet:-1","max-image-preview":"max-image-preview:large","max-video-preview":"max-video-preview:-1"},"og_locale":"fi_FI","og_type":"article","og_title":"Blogi - Torin Wanha Hautaustoimisto Oy","og_description":"blogi","og_url":"https:\/\/hautaustoimisto.creativegorilla.zoner.dev\/?page_id=41","og_site_name":"Torin Wanha Hautaustoimisto Oy","article_modified_time":"2024-12-28T10:57:26+00:00","twitter_card":"summary_large_image","twitter_misc":{"Arvioitu lukuaika":"1 minuutti"},"schema":{"@context":"https:\/\/schema.org","@graph":[{"@type":"WebPage","@id":"https:\/\/hautaustoimisto.creativegorilla.zoner.dev\/?page_id=41","url":"https:\/\/hautaustoimisto.creativegorilla.zoner.dev\/?page_id=41","name":"Blogi - Torin Wanha Hautaustoimisto Oy","isPartOf":{"@id":"https:\/\/hautaustoimisto.creativegorilla.zoner.dev\/#website"},"datePublished":"2024-12-13T08:02:30+00:00","dateModified":"2024-12-28T10:57:26+00:00","description":"blogi","breadcrumb":{"@id":"https:\/\/hautaustoimisto.creativegorilla.zoner.dev\/?page_id=41#breadcrumb"},"inLanguage":"fi","potentialAction":[{"@type":"ReadAction","target":["https:\/\/hautaustoimisto.creativegorilla.zoner.dev\/?page_id=41"]}]},{"@type":"BreadcrumbList","@id":"https:\/\/hautaustoimisto.creativegorilla.zoner.dev\/?page_id=41#breadcrumb","itemListElement":[{"@type":"ListItem","position":1,"name":"Etusivu","item":"https:\/\/hautaustoimisto.creativegorilla.zoner.dev\/"},{"@type":"ListItem","position":2,"name":"Blogi"}]},{"@type":"WebSite","@id":"https:\/\/hautaustoimisto.creativegorilla.zoner.dev\/#website","url":"https:\/\/hautaustoimisto.creativegorilla.zoner.dev\/","name":"Torin Wanha Hautaustoimisto Oy","description":"T&auml;yden palvelun hautaustoimisto Lahdessa","potentialAction":[{"@type":"SearchAction","target":{"@type":"EntryPoint","urlTemplate":"https:\/\/hautaustoimisto.creativegorilla.zoner.dev\/?s={search_term_string}"},"query-input":{"@type":"PropertyValueSpecification","valueRequired":true,"valueName":"search_term_string"}}],"inLanguage":"fi"}]}},"_links":{"self":[{"href":"https:\/\/hautaustoimisto.creativegorilla.zoner.dev\/index.php?rest_route=\/wp\/v2\/pages\/41","targetHints":{"allow":["GET"]}}],"collection":[{"href":"https:\/\/hautaustoimisto.creativegorilla.zoner.dev\/index.php?rest_route=\/wp\/v2\/pages"}],"about":[{"href":"https:\/\/hautaustoimisto.creativegorilla.zoner.dev\/index.php?rest_route=\/wp\/v2\/types\/page"}],"author":[{"embeddable":true,"href":"https:\/\/hautaustoimisto.creativegorilla.zoner.dev\/index.php?rest_route=\/wp\/v2\/users\/1"}],"replies":[{"embeddable":true,"href":"https:\/\/hautaustoimisto.creativegorilla.zoner.dev\/index.php?rest_route=%2Fwp%2Fv2%2Fcomments&post=41"}],"version-history":[{"count":4,"href":"https:\/\/hautaustoimisto.creativegorilla.zoner.dev\/index.php?rest_route=\/wp\/v2\/pages\/41\/revisions"}],"predecessor-version":[{"id":305,"href":"https:\/\/hautaustoimisto.creativegorilla.zoner.dev\/index.php?rest_route=\/wp\/v2\/pages\/41\/revisions\/305"}],"wp:attachment":[{"href":"https:\/\/hautaustoimisto.creativegorilla.zoner.dev\/index.php?rest_route=%2Fwp%2Fv2%2Fmedia&parent=41"}],"curies":[{"name":"wp","href":"https:\/\/api.w.org\/{rel}","templated":true}]}}